{"id":25,"date":"2026-03-04T02:23:48","date_gmt":"2026-03-04T02:23:48","guid":{"rendered":"https:\/\/dev.arosit.dk\/?page_id=25"},"modified":"2026-03-04T02:26:18","modified_gmt":"2026-03-04T02:26:18","slug":"om-os","status":"publish","type":"page","link":"https:\/\/dev.arosit.dk\/?page_id=25","title":{"rendered":"Om os"},"content":{"rendered":"\n\n<div class=\"wp-block-group alignwide has-text-color has-background is-layout-flow wp-block-group-is-layout-flow\" style=\"border-radius:12px;color:#ffffff;background:linear-gradient(135deg,rgb(0,74,153) 0%,rgb(26,26,26) 100%);margin-top:var(--wp--preset--spacing--30);padding-top:var(--wp--preset--spacing--60);padding-right:var(--wp--preset--spacing--40);padding-bottom:var(--wp--preset--spacing--60);padding-left:var(--wp--preset--spacing--40)\"><p class=\"has-small-font-size\" style=\"font-weight:600;letter-spacing:0.04em;text-transform:uppercase\">Om ArosIT<\/p><h1 class=\"wp-block-heading\">Vi g\u00f8r IT enkelt, sikkert og v\u00e6rdiskabende<\/h1><p class=\"has-large-font-size\">ArosIT kombinerer teknisk ekspertise med menneskelig r\u00e5dgivning, s\u00e5 du f\u00e5r l\u00f8sninger, der virker i praksis.<\/p><\/div>\n\n\n\n<div class=\"wp-block-columns alignwide is-layout-flex wp-container-core-columns-is-layout-4d9eaf14 wp-block-columns-is-layout-flex\" style=\"margin-top:var(--wp--preset--spacing--50)\"><div class=\"wp-block-column is-layout-flow wp-block-column-is-layout-flow\"><div class=\"wp-block-group is-layout-flow wp-block-group-is-layout-flow\" style=\"border-color:#e0e0e0;border-radius:10px;border-width:1px;padding-top:var(--wp--preset--spacing--30);padding-right:var(--wp--preset--spacing--30);padding-bottom:var(--wp--preset--spacing--30);padding-left:var(--wp--preset--spacing--30)\"><h3>Mission<\/h3><p>At levere IT, der skaber ro, retning og resultater.<\/p><\/div><\/div><div class=\"wp-block-column is-layout-flow wp-block-column-is-layout-flow\"><div class=\"wp-block-group is-layout-flow wp-block-group-is-layout-flow\" style=\"border-color:#e0e0e0;border-radius:10px;border-width:1px;padding-top:var(--wp--preset--spacing--30);padding-right:var(--wp--preset--spacing--30);padding-bottom:var(--wp--preset--spacing--30);padding-left:var(--wp--preset--spacing--30)\"><h3>Tilgang<\/h3><p>Klar kommunikation, hurtig handling og langsigtet stabilitet.<\/p><\/div><\/div><\/div>\n\n\n<div class=\"wp-block-group alignwide has-background is-layout-flow wp-block-group-is-layout-flow\" style=\"border-radius:10px;background-color:#f7f9fc;margin-top:var(--wp--preset--spacing--50);padding-top:var(--wp--preset--spacing--40);padding-bottom:var(--wp--preset--spacing--40)\"><h3 class=\"has-text-align-center\">Skal vi tage en uforpligtende snak?<\/h3><div class=\"wp-block-buttons is-content-justification-center\"><div class=\"wp-block-button\"><a class=\"wp-block-button__link has-arosit-blue-background-color has-base-color has-text-color has-background wp-element-button\" href=\"\/?page_id=16\">Kontakt os<\/a><\/div><\/div><\/div>\n","protected":false},"excerpt":{"rendered":"<p>Om ArosIT Vi g\u00f8r IT enkelt, sikkert og v\u00e6rdiskabende ArosIT kombinerer teknisk ekspertise med menneskelig r\u00e5dgivning, s\u00e5 du f\u00e5r l\u00f8sninger, der virker i praksis. Mission At levere IT, der skaber ro, retning og resultater. Tilgang Klar kommunikation, hurtig handling og langsigtet stabilitet. Skal vi tage en uforpligtende snak? Kontakt os<\/p>\n","protected":false},"author":2,"featured_media":0,"parent":0,"menu_order":0,"comment_status":"closed","ping_status":"closed","template":"","meta":{"footnotes":""},"class_list":["post-25","page","type-page","status-publish","hentry"],"_links":{"self":[{"href":"https:\/\/dev.arosit.dk\/index.php?rest_route=\/wp\/v2\/pages\/25","targetHints":{"allow":["GET"]}}],"collection":[{"href":"https:\/\/dev.arosit.dk\/index.php?rest_route=\/wp\/v2\/pages"}],"about":[{"href":"https:\/\/dev.arosit.dk\/index.php?rest_route=\/wp\/v2\/types\/page"}],"author":[{"embeddable":true,"href":"https:\/\/dev.arosit.dk\/index.php?rest_route=\/wp\/v2\/users\/2"}],"replies":[{"embeddable":true,"href":"https:\/\/dev.arosit.dk\/index.php?rest_route=%2Fwp%2Fv2%2Fcomments&post=25"}],"version-history":[{"count":1,"href":"https:\/\/dev.arosit.dk\/index.php?rest_route=\/wp\/v2\/pages\/25\/revisions"}],"predecessor-version":[{"id":29,"href":"https:\/\/dev.arosit.dk\/index.php?rest_route=\/wp\/v2\/pages\/25\/revisions\/29"}],"wp:attachment":[{"href":"https:\/\/dev.arosit.dk\/index.php?rest_route=%2Fwp%2Fv2%2Fmedia&parent=25"}],"curies":[{"name":"wp","href":"https:\/\/api.w.org\/{rel}","templated":true}]}}