{"id":27,"date":"2026-03-04T02:23:48","date_gmt":"2026-03-04T02:23:48","guid":{"rendered":"https:\/\/dev.arosit.dk\/?page_id=27"},"modified":"2026-03-04T02:26:18","modified_gmt":"2026-03-04T02:26:18","slug":"cases","status":"publish","type":"page","link":"https:\/\/dev.arosit.dk\/?page_id=27","title":{"rendered":"Cases"},"content":{"rendered":"\n<div class=\"wp-block-group alignwide is-layout-flow wp-block-group-is-layout-flow\" style=\"padding-top:var(--wp--preset--spacing--60);padding-bottom:var(--wp--preset--spacing--40)\"><p class=\"has-small-font-size\" style=\"text-transform:uppercase;letter-spacing:0.04em;font-weight:600\">Cases<\/p><h1>Resultater der kan m\u00e6rkes<\/h1><p>Eksempler p\u00e5 hvordan vi skaber stabilitet og v\u00e6rdi med m\u00e5lrettet IT-arbejde.<\/p><\/div>\n<div class=\"wp-block-columns alignwide is-layout-flex wp-container-core-columns-is-layout-658170e2 wp-block-columns-is-layout-flex\"><div class=\"wp-block-column\"><div class=\"wp-block-group\" style=\"border:1px solid #e0e0e0;border-radius:10px;padding:24px\"><h3>Case 1: Driftssikkerhed<\/h3><p>En lokal virksomhed reducerede nedetid med 60% efter modernisering af netv\u00e6rk og backup.<\/p><\/div><\/div><div class=\"wp-block-column\"><div class=\"wp-block-group\" style=\"border:1px solid #e0e0e0;border-radius:10px;padding:24px\"><h3>Case 2: Sikker kommunikation<\/h3><p>Implementering af sikker mail og anti-phishing med f\u00e6rre incidents og hurtigere support.<\/p><\/div><\/div><div class=\"wp-block-column\"><div class=\"wp-block-group\" style=\"border:1px solid #e0e0e0;border-radius:10px;padding:24px\"><h3>Case 3: Digitalisering<\/h3><p>Automatisering af manuelle processer gav kortere svartider og bedre kundeoplevelse.<\/p><\/div><\/div><\/div>\n<div class=\"wp-block-group alignwide has-background is-layout-flow wp-block-group-is-layout-flow\" style=\"border-radius:10px;background-color:#f7f9fc;margin-top:var(--wp--preset--spacing--50);padding-top:var(--wp--preset--spacing--40);padding-bottom:var(--wp--preset--spacing--40)\"><h3 class=\"has-text-align-center\">Vil du v\u00e6re vores n\u00e6ste case?<\/h3><div class=\"wp-block-buttons is-content-justification-center\"><div class=\"wp-block-button\"><a class=\"wp-block-button__link has-arosit-blue-background-color has-base-color has-text-color has-background wp-element-button\" href=\"\/?page_id=16\">Book en dialog<\/a><\/div><\/div><\/div>\n","protected":false},"excerpt":{"rendered":"<p>Cases Resultater der kan m\u00e6rkes Eksempler p\u00e5 hvordan vi skaber stabilitet og v\u00e6rdi med m\u00e5lrettet IT-arbejde. Case 1: Driftssikkerhed En lokal virksomhed reducerede nedetid med 60% efter modernisering af netv\u00e6rk og backup. Case 2: Sikker kommunikation Implementering af sikker mail og anti-phishing med f\u00e6rre incidents og hurtigere support. Case 3: Digitalisering Automatisering af manuelle processer [&hellip;]<\/p>\n","protected":false},"author":2,"featured_media":0,"parent":0,"menu_order":0,"comment_status":"closed","ping_status":"closed","template":"","meta":{"footnotes":""},"class_list":["post-27","page","type-page","status-publish","hentry"],"_links":{"self":[{"href":"https:\/\/dev.arosit.dk\/index.php?rest_route=\/wp\/v2\/pages\/27","targetHints":{"allow":["GET"]}}],"collection":[{"href":"https:\/\/dev.arosit.dk\/index.php?rest_route=\/wp\/v2\/pages"}],"about":[{"href":"https:\/\/dev.arosit.dk\/index.php?rest_route=\/wp\/v2\/types\/page"}],"author":[{"embeddable":true,"href":"https:\/\/dev.arosit.dk\/index.php?rest_route=\/wp\/v2\/users\/2"}],"replies":[{"embeddable":true,"href":"https:\/\/dev.arosit.dk\/index.php?rest_route=%2Fwp%2Fv2%2Fcomments&post=27"}],"version-history":[{"count":1,"href":"https:\/\/dev.arosit.dk\/index.php?rest_route=\/wp\/v2\/pages\/27\/revisions"}],"predecessor-version":[{"id":31,"href":"https:\/\/dev.arosit.dk\/index.php?rest_route=\/wp\/v2\/pages\/27\/revisions\/31"}],"wp:attachment":[{"href":"https:\/\/dev.arosit.dk\/index.php?rest_route=%2Fwp%2Fv2%2Fmedia&parent=27"}],"curies":[{"name":"wp","href":"https:\/\/api.w.org\/{rel}","templated":true}]}}