{"id":28,"date":"2026-03-04T02:23:48","date_gmt":"2026-03-04T02:23:48","guid":{"rendered":"https:\/\/dev.arosit.dk\/?page_id=28"},"modified":"2026-03-04T02:26:18","modified_gmt":"2026-03-04T02:26:18","slug":"supportaftale","status":"publish","type":"page","link":"https:\/\/dev.arosit.dk\/?page_id=28","title":{"rendered":"Supportaftale"},"content":{"rendered":"\n<div class=\"wp-block-group alignwide has-text-color has-background is-layout-flow wp-block-group-is-layout-flow\" style=\"border-radius:12px;color:#ffffff;background-color:#1a1a1a;margin-top:var(--wp--preset--spacing--30);padding-top:var(--wp--preset--spacing--60);padding-right:var(--wp--preset--spacing--40);padding-bottom:var(--wp--preset--spacing--60);padding-left:var(--wp--preset--spacing--40)\"><p class=\"has-small-font-size\" style=\"text-transform:uppercase;letter-spacing:0.04em;font-weight:600\">Supportaftale<\/p><h1>Proaktiv support der holder din IT i gang<\/h1><p class=\"has-large-font-size\">Med en fast aftale f\u00e5r du hurtigere hj\u00e6lp, bedre overblik og f\u00e6rre driftsafbrydelser.<\/p><\/div>\n<div class=\"wp-block-columns alignwide is-layout-flex wp-container-core-columns-is-layout-28f84493 wp-block-columns-is-layout-flex\"><div class=\"wp-block-column\"><h3>Det f\u00e5r du<\/h3><ul><li>Fast kontaktperson<\/li><li>Prioriteret fejlretning<\/li><li>M\u00e5nedlig statusrapport<\/li><li>Sikkerhedsgennemgang<\/li><\/ul><\/div><div class=\"wp-block-column\"><h3>Fordele<\/h3><ul><li>Mindre nedetid<\/li><li>Forudsigelige omkostninger<\/li><li>H\u00f8jere sikkerhed<\/li><li>Ro i hverdagen<\/li><\/ul><\/div><\/div>\n<div class=\"wp-block-group alignwide is-layout-flow wp-block-group-is-layout-flow\" style=\"margin-top:var(--wp--preset--spacing--50)\"><div class=\"wp-block-buttons is-content-justification-center\"><div class=\"wp-block-button\"><a class=\"wp-block-button__link has-arosit-blue-background-color has-base-color has-text-color has-background wp-element-button\" href=\"\/?page_id=16\">Start samarbejde<\/a><\/div><\/div><\/div>\n","protected":false},"excerpt":{"rendered":"<p>Supportaftale Proaktiv support der holder din IT i gang Med en fast aftale f\u00e5r du hurtigere hj\u00e6lp, bedre overblik og f\u00e6rre driftsafbrydelser. Det f\u00e5r du Fast kontaktperson Prioriteret fejlretning M\u00e5nedlig statusrapport Sikkerhedsgennemgang Fordele Mindre nedetid Forudsigelige omkostninger H\u00f8jere sikkerhed Ro i hverdagen Start samarbejde<\/p>\n","protected":false},"author":2,"featured_media":0,"parent":0,"menu_order":0,"comment_status":"closed","ping_status":"closed","template":"","meta":{"footnotes":""},"class_list":["post-28","page","type-page","status-publish","hentry"],"_links":{"self":[{"href":"https:\/\/dev.arosit.dk\/index.php?rest_route=\/wp\/v2\/pages\/28","targetHints":{"allow":["GET"]}}],"collection":[{"href":"https:\/\/dev.arosit.dk\/index.php?rest_route=\/wp\/v2\/pages"}],"about":[{"href":"https:\/\/dev.arosit.dk\/index.php?rest_route=\/wp\/v2\/types\/page"}],"author":[{"embeddable":true,"href":"https:\/\/dev.arosit.dk\/index.php?rest_route=\/wp\/v2\/users\/2"}],"replies":[{"embeddable":true,"href":"https:\/\/dev.arosit.dk\/index.php?rest_route=%2Fwp%2Fv2%2Fcomments&post=28"}],"version-history":[{"count":1,"href":"https:\/\/dev.arosit.dk\/index.php?rest_route=\/wp\/v2\/pages\/28\/revisions"}],"predecessor-version":[{"id":32,"href":"https:\/\/dev.arosit.dk\/index.php?rest_route=\/wp\/v2\/pages\/28\/revisions\/32"}],"wp:attachment":[{"href":"https:\/\/dev.arosit.dk\/index.php?rest_route=%2Fwp%2Fv2%2Fmedia&parent=28"}],"curies":[{"name":"wp","href":"https:\/\/api.w.org\/{rel}","templated":true}]}}